{"id":1854,"date":"2021-01-19T14:48:11","date_gmt":"2021-01-19T14:48:11","guid":{"rendered":"https:\/\/saskiaasser.nl\/?page_id=1854"},"modified":"2024-12-21T16:10:46","modified_gmt":"2024-12-21T16:10:46","slug":"chrystel-lebas-regarding-nature","status":"publish","type":"page","link":"https:\/\/saskiaasser.nl\/?page_id=1854","title":{"rendered":"Chrystel Lebas: Regarding Nature"},"content":{"rendered":"\n<div class=\"wp-block-columns is-layout-flex wp-container-core-columns-is-layout-9d6595d7 wp-block-columns-is-layout-flex\">\n<div class=\"wp-block-column is-layout-flow wp-block-column-is-layout-flow\">\n<figure class=\"wp-block-image size-large\"><img loading=\"lazy\" decoding=\"async\" width=\"1024\" height=\"683\" src=\"https:\/\/saskiaasser.nl\/wp-content\/uploads\/2021\/01\/Lebas-1-zaal-1024x683.jpg\" alt=\"\" class=\"wp-image-1850\" srcset=\"https:\/\/saskiaasser.nl\/wp-content\/uploads\/2021\/01\/Lebas-1-zaal-1024x683.jpg 1024w, https:\/\/saskiaasser.nl\/wp-content\/uploads\/2021\/01\/Lebas-1-zaal-300x200.jpg 300w, https:\/\/saskiaasser.nl\/wp-content\/uploads\/2021\/01\/Lebas-1-zaal-768x512.jpg 768w, https:\/\/saskiaasser.nl\/wp-content\/uploads\/2021\/01\/Lebas-1-zaal-1536x1024.jpg 1536w, https:\/\/saskiaasser.nl\/wp-content\/uploads\/2021\/01\/Lebas-1-zaal.jpg 1575w\" sizes=\"auto, (max-width: 706px) 89vw, (max-width: 767px) 82vw, 740px\" \/><\/figure>\n<\/div>\n\n\n\n<div class=\"wp-block-column is-layout-flow wp-block-column-is-layout-flow\">\n<p><strong>Chrystel Lebas: Regarding Nature<\/strong><br>Tentoonstelling: <a href=\"https:\/\/huismarseille.nl\/tentoonstellingen\/chrystel-lebas\/\">Huis Marseille<\/a> <br>10.12.2016 &#8211; 05.03.2017<\/p>\n\n\n\n<p>Dit project betrof een grote tentoonstelling, in beide panden van Huis Marseille, van\u00a0<em>Regarding Nature<\/em>\u00a0een serie foto&#8217;s die de Franse fotograaf Chrystel Lebas in <a href=\"http:\/\/www.chrystellebas.com\/Re-visiting\/re-visiting.htm\" target=\"_blank\" rel=\"noopener\">opdracht van het Natural History Museum<\/a> in Londen had gemaakt. <\/p>\n\n\n\n<p><\/p>\n<\/div>\n<\/div>\n\n\n\n<p>Lebas was gevraagd om nieuw werk te maken rondom een tot dan toe anonieme collectie glasnegatieven van het Britse landschap uit het begin van 20e eeuw. Dit leverde niet alleen nieuw werk op maar ook de naam van de fotograaf: Sir Edward James Salisbury (1886-1978), een bekende Britse botanist en ecoloog.<\/p>\n\n\n\n<p>In de <a href=\"http:\/\/www.chrystellebas.com\/exhibitions.htm\" target=\"_blank\" rel=\"noopener\">tentoonstelling<\/a> hadden we de foto&#8217;s en films van Chrystel Lebas gecombineerd met nieuwe, door Chrystel gemaakte afdrukken van Salisbury&#8217;s negatieven en een selectie van documenten en foto&#8217;s uit Salisbury&#8217;s persoonlijke archief dat in de Royal Botanical Gardens in Kew wordt bewaard.<\/p>\n\n\n\n<p>Ook maakte Chrystel Lebas voor de tentoonstelling een serie foto&#8217;s op Ameland, dat net als de Britse landschappen die zij fotografeerde, al eeuwenlang onder invloed van klimaat en mens verandert of dreigt te veranderen.<\/p>\n\n\n\n<p><strong>Werkzaamheden<\/strong>: conceptontwikkeling, selectie &amp; samenstelling, zaalteksten<\/p>\n\n\n\n<h2 class=\"wp-block-heading\">English Summary<\/h2>\n\n\n\n<div class=\"wp-block-columns is-layout-flex wp-container-core-columns-is-layout-9d6595d7 wp-block-columns-is-layout-flex\">\n<div class=\"wp-block-column is-layout-flow wp-block-column-is-layout-flow\">\n<figure class=\"wp-block-image size-large\"><img loading=\"lazy\" decoding=\"async\" width=\"1024\" height=\"775\" src=\"https:\/\/saskiaasser.nl\/wp-content\/uploads\/2024\/12\/Chrystel_Lebas_HMA_2017_25-2-1024x775.jpg\" alt=\"\" class=\"wp-image-2350\" srcset=\"https:\/\/saskiaasser.nl\/wp-content\/uploads\/2024\/12\/Chrystel_Lebas_HMA_2017_25-2-1024x775.jpg 1024w, https:\/\/saskiaasser.nl\/wp-content\/uploads\/2024\/12\/Chrystel_Lebas_HMA_2017_25-2-300x227.jpg 300w, https:\/\/saskiaasser.nl\/wp-content\/uploads\/2024\/12\/Chrystel_Lebas_HMA_2017_25-2-768x581.jpg 768w, https:\/\/saskiaasser.nl\/wp-content\/uploads\/2024\/12\/Chrystel_Lebas_HMA_2017_25-2.jpg 1400w\" sizes=\"auto, (max-width: 706px) 89vw, (max-width: 767px) 82vw, 740px\" \/><figcaption class=\"wp-element-caption\">Chrystel Lebas, Sir Edward James Salisbury. From box 1237-1249 \u2013 Aviemore. Pinus Silverstris [illeg], plate n\u00b01245 (<a href=\"https:\/\/huismarseille.nl\/fotografen\/chrystel-lebas\/#gallery-3\" data-type=\"link\" data-id=\"https:\/\/huismarseille.nl\/fotografen\/chrystel-lebas\/#gallery-3\">Collectie Huis Marseille<\/a>)<\/figcaption><\/figure>\n<\/div>\n\n\n\n<div class=\"wp-block-column is-layout-flow wp-block-column-is-layout-flow\">\n<p><strong>Chrystel Lebas: Regarding Nature<\/strong><br>Exhibition: <a href=\"https:\/\/huismarseille.nl\/en\/exhibitions\/chrystel-lebas\/\" data-type=\"link\" data-id=\"https:\/\/huismarseille.nl\/en\/exhibitions\/chrystel-lebas\/\">Huis Marseille<\/a>, Amsterdam<br>10.12.2016 &#8211; 05.03.2017<\/p>\n\n\n\n<p>This exhibition presented the result of a <a href=\"http:\/\/www.chrystellebas.com\/Re-visiting\/re-visiting.htm\" data-type=\"link\" data-id=\"http:\/\/www.chrystellebas.com\/Re-visiting\/re-visiting.htm\">special commission<\/a> Chrystel Lebas received from the Natural History Museum in London in 2011. <\/p>\n\n\n\n<p>Lebas created new works based on an intriguing collection of anonymous glass negatives of the British landscape at the early 20th century. The project did not only produce a number of new works, but also the name of the photographer: the famous British botanist and ecologist Sir Edward James Salisbury (1886\u20131978). The exhibition also included objects from Salisbury;s personal archive in the Royal Botanical Gardens in Kew.<\/p>\n<\/div>\n<\/div>\n\n\n\n<p><strong>Photo above<\/strong>: Chrystel Lebas, <em>\u00c9tude d&#8217;un paysage \u00e0 la d\u00e9rive (Ameland)<\/em>, 2016 (<a href=\"https:\/\/huismarseille.nl\/fotografen\/chrystel-lebas\/#gallery-1\" data-type=\"link\" data-id=\"https:\/\/huismarseille.nl\/fotografen\/chrystel-lebas\/#gallery-1\">Collection Huis Marseille<\/a>)<\/p>\n\n\n\n<p>&nbsp;<\/p>\n\n\n\n<p><\/p>\n","protected":false},"excerpt":{"rendered":"<p>Chrystel Lebas: Regarding NatureTentoonstelling: Huis Marseille 10.12.2016 &#8211; 05.03.2017 Dit project betrof een grote tentoonstelling, in beide panden van Huis Marseille, van\u00a0Regarding Nature\u00a0een serie foto&#8217;s die de Franse fotograaf Chrystel Lebas in opdracht van het Natural History Museum in Londen had gemaakt. Lebas was gevraagd om nieuw werk te maken rondom een tot dan toe &hellip; <\/p>\n<p class=\"link-more\"><a href=\"https:\/\/saskiaasser.nl\/?page_id=1854\" class=\"more-link\">Continue reading<span class=\"screen-reader-text\"> &#8220;Chrystel Lebas: Regarding Nature&#8221;<\/span><\/a><\/p>\n","protected":false},"author":1,"featured_media":1849,"parent":57,"menu_order":1,"comment_status":"closed","ping_status":"closed","template":"","meta":{"_monsterinsights_skip_tracking":false,"_monsterinsights_sitenote_active":false,"_monsterinsights_sitenote_note":"","_monsterinsights_sitenote_category":0,"footnotes":""},"class_list":["post-1854","page","type-page","status-publish","has-post-thumbnail","hentry"],"_links":{"self":[{"href":"https:\/\/saskiaasser.nl\/index.php?rest_route=\/wp\/v2\/pages\/1854","targetHints":{"allow":["GET"]}}],"collection":[{"href":"https:\/\/saskiaasser.nl\/index.php?rest_route=\/wp\/v2\/pages"}],"about":[{"href":"https:\/\/saskiaasser.nl\/index.php?rest_route=\/wp\/v2\/types\/page"}],"author":[{"embeddable":true,"href":"https:\/\/saskiaasser.nl\/index.php?rest_route=\/wp\/v2\/users\/1"}],"replies":[{"embeddable":true,"href":"https:\/\/saskiaasser.nl\/index.php?rest_route=%2Fwp%2Fv2%2Fcomments&post=1854"}],"version-history":[{"count":16,"href":"https:\/\/saskiaasser.nl\/index.php?rest_route=\/wp\/v2\/pages\/1854\/revisions"}],"predecessor-version":[{"id":2351,"href":"https:\/\/saskiaasser.nl\/index.php?rest_route=\/wp\/v2\/pages\/1854\/revisions\/2351"}],"up":[{"embeddable":true,"href":"https:\/\/saskiaasser.nl\/index.php?rest_route=\/wp\/v2\/pages\/57"}],"wp:featuredmedia":[{"embeddable":true,"href":"https:\/\/saskiaasser.nl\/index.php?rest_route=\/wp\/v2\/media\/1849"}],"wp:attachment":[{"href":"https:\/\/saskiaasser.nl\/index.php?rest_route=%2Fwp%2Fv2%2Fmedia&parent=1854"}],"curies":[{"name":"wp","href":"https:\/\/api.w.org\/{rel}","templated":true}]}}