{"id":1926,"date":"2021-01-20T12:45:41","date_gmt":"2021-01-20T12:45:41","guid":{"rendered":"https:\/\/saskiaasser.nl\/?page_id=1926"},"modified":"2024-12-21T15:30:34","modified_gmt":"2024-12-21T15:30:34","slug":"dusseldorfer-photoschule","status":"publish","type":"page","link":"https:\/\/saskiaasser.nl\/?page_id=1926","title":{"rendered":"D\u00fcsseldorfer Photoschule"},"content":{"rendered":"\n<div class=\"wp-block-columns is-layout-flex wp-container-core-columns-is-layout-9d6595d7 wp-block-columns-is-layout-flex\">\n<div class=\"wp-block-column is-layout-flow wp-block-column-is-layout-flow\">\n<figure class=\"wp-block-image size-large\"><img loading=\"lazy\" decoding=\"async\" width=\"1024\" height=\"683\" src=\"https:\/\/saskiaasser.nl\/wp-content\/uploads\/2021\/01\/Boek-Bernd-Hilla-en-de-anderen-1024x683.jpg\" alt=\"\" class=\"wp-image-1936\" srcset=\"https:\/\/saskiaasser.nl\/wp-content\/uploads\/2021\/01\/Boek-Bernd-Hilla-en-de-anderen-1024x683.jpg 1024w, https:\/\/saskiaasser.nl\/wp-content\/uploads\/2021\/01\/Boek-Bernd-Hilla-en-de-anderen-300x200.jpg 300w, https:\/\/saskiaasser.nl\/wp-content\/uploads\/2021\/01\/Boek-Bernd-Hilla-en-de-anderen-768x512.jpg 768w, https:\/\/saskiaasser.nl\/wp-content\/uploads\/2021\/01\/Boek-Bernd-Hilla-en-de-anderen-1536x1024.jpg 1536w, https:\/\/saskiaasser.nl\/wp-content\/uploads\/2021\/01\/Boek-Bernd-Hilla-en-de-anderen.jpg 1600w\" sizes=\"auto, (max-width: 706px) 89vw, (max-width: 767px) 82vw, 740px\" \/><figcaption class=\"wp-element-caption\">Publicatie bij de tentoonstelling, ontworpen door Bart de Haas (foto: Bart de Haas)<\/figcaption><\/figure>\n<\/div>\n\n\n\n<div class=\"wp-block-column is-layout-flow wp-block-column-is-layout-flow\">\n<p><strong>Bernd, Hilla en de anderen. Fotografie uit D\u00fcsseldorf<\/strong><br>Tentoonstelling: <a href=\"https:\/\/huismarseille.nl\/tentoonstellingen\/bernd-hilla-en-anderen\/\" target=\"_blank\" rel=\"noopener\">Huis Marseille<\/a>, 09.03 &#8211; 03.06.2018<br>Boek: zie <a href=\"https:\/\/saskiaasser.nl\/?page_id=269\" target=\"_blank\" rel=\"noopener\">Publicaties <\/a>en <a href=\"https:\/\/www.groene.nl\/2018\/fotografie-uit-dusseldorf\" target=\"_blank\" rel=\"noopener\">De Groene Amsterdammer<\/a>.<\/p>\n\n\n\n<p>In de aanloop naar het twintigjarig bestaan van Huis Marseille in 2019 organiseerde het museum een aantal exposities rondom thema&#8217;s uit de eigen collectie. De eerste in deze reeks was deze tentoonstelling met werk van leerlingen van Bernd Becher en van Bechers opvolgers aan de Staatliche Kunstacademie D\u00fcsseldorf: Andreas Gursky en Thomas Ruff.<\/p>\n<\/div>\n<\/div>\n\n\n\n<p>De tentoonstelling kwam tot stand in nauwe samenwerking met Barbara Hofmann-Johnson, directeur van het <a href=\"http:\/\/www.photomuseum.de\/\" target=\"_blank\" rel=\"noopener\">Museum f\u00fcr Photographie in Braunschweig<\/a>.<\/p>\n\n\n\n<p>Deelnemende fotografen: <span style=\"color: #ff0000;\">Bernd &amp; Hilla Becher, Boris Becker, Laurenz Berges, Frank Breuer, Louisa Clement, Elger Esser, Claudia F\u00e4hrenkemper, Andreas Gursky, Candida H\u00f6fer, Axel H\u00fctte, Christof Klute, Simone Nieweg, Tata Ronkholz, Thomas Ruff, J\u00f6rg Sasse, Martina Sauter, Thomas Struth, Anna Vogel<\/span>.<\/p>\n\n\n\n<p><strong>Werkzaamheden<\/strong>: conceptontwikkeling, selectie, teksten, redactie &amp; productie van het bijbehorende boek<\/p>\n\n\n\n<h2 class=\"wp-block-heading\">English Summary<\/h2>\n\n\n\n<div class=\"wp-block-columns is-layout-flex wp-container-core-columns-is-layout-9d6595d7 wp-block-columns-is-layout-flex\">\n<div class=\"wp-block-column is-layout-flow wp-block-column-is-layout-flow\">\n<figure class=\"wp-block-image size-large\"><img loading=\"lazy\" decoding=\"async\" width=\"1024\" height=\"682\" src=\"https:\/\/saskiaasser.nl\/wp-content\/uploads\/2024\/12\/DUSSELD_22-1024x682.jpg\" alt=\"\" class=\"wp-image-2332\" srcset=\"https:\/\/saskiaasser.nl\/wp-content\/uploads\/2024\/12\/DUSSELD_22-1024x682.jpg 1024w, https:\/\/saskiaasser.nl\/wp-content\/uploads\/2024\/12\/DUSSELD_22-300x200.jpg 300w, https:\/\/saskiaasser.nl\/wp-content\/uploads\/2024\/12\/DUSSELD_22-768x512.jpg 768w, https:\/\/saskiaasser.nl\/wp-content\/uploads\/2024\/12\/DUSSELD_22-1536x1024.jpg 1536w, https:\/\/saskiaasser.nl\/wp-content\/uploads\/2024\/12\/DUSSELD_22.jpg 2000w\" sizes=\"auto, (max-width: 706px) 89vw, (max-width: 767px) 82vw, 740px\" \/><figcaption class=\"wp-element-caption\">Simone Nieweg (<a href=\"https:\/\/huismarseille.nl\/fotografen\/simone-nieweg\/#gallery-1\" data-type=\"link\" data-id=\"https:\/\/huismarseille.nl\/fotografen\/simone-nieweg\/#gallery-1\">Pflaumenbaum, 2005<\/a>) en Candida H\u00f6fer (<a href=\"https:\/\/huismarseille.nl\/fotografen\/candida-hoefer\/\" data-type=\"link\" data-id=\"https:\/\/huismarseille.nl\/fotografen\/candida-hoefer\/\">foto&#8217;s Nederlandse bibliotheken<\/a>) Huis Marseille, 2018, foto: Eddo Hartmann <\/figcaption><\/figure>\n<\/div>\n\n\n\n<div class=\"wp-block-column is-layout-flow wp-block-column-is-layout-flow\">\n<p><strong>Bernd, Hilla and the Others. Photography from D\u00fcsseldorf<\/strong><br>Exhibition: <a href=\"https:\/\/huismarseille.nl\/en\/exhibitions\/bernd-hilla-and-the-others\/\" data-type=\"link\" data-id=\"https:\/\/huismarseille.nl\/en\/exhibitions\/bernd-hilla-and-the-others\/\">Huis Marseille<\/a>, <br>09.03 &#8211; 03.06.2018<\/p>\n\n\n\n<p>Book: see <a href=\"https:\/\/saskiaasser.nl\/?page_id=269\" target=\"_blank\" rel=\"noopener\">Publicaties <\/a>and <a href=\"https:\/\/www.groene.nl\/2018\/fotografie-uit-dusseldorf\" target=\"_blank\" rel=\"noopener\">De Groene Amsterdammer<\/a>.<\/p>\n\n\n\n<p>In the run-up to the 20th anniversary of Huis Marseille in 2019, the museum organised several exhibitions around themes from the collection. The first was this exhibition with work by students of Bernd Becher and Becher&#8217;s successors at the Staatliche Kunstakademie D\u00fcsseldorf, Andreas Gursky and Thomas Ruff.<\/p>\n<\/div>\n<\/div>\n\n\n\n<p><strong>Photo above<\/strong>: Installation view showing Andreas Gursky&#8217;s <em>Singapore B\u00f6rse II<\/em>, 1997, from the Huis Marseille collection as presented at the exhibition <em>Bernd, Hilla and the Others<\/em>, 2018 (photo&nbsp;\u00a9 Eddo Hartmann)<\/p>\n\n\n\n<p>&nbsp;<\/p>\n","protected":false},"excerpt":{"rendered":"<p>Bernd, Hilla en de anderen. Fotografie uit D\u00fcsseldorfTentoonstelling: Huis Marseille, 09.03 &#8211; 03.06.2018Boek: zie Publicaties en De Groene Amsterdammer. In de aanloop naar het twintigjarig bestaan van Huis Marseille in 2019 organiseerde het museum een aantal exposities rondom thema&#8217;s uit de eigen collectie. De eerste in deze reeks was deze tentoonstelling met werk van leerlingen &hellip; <\/p>\n<p class=\"link-more\"><a href=\"https:\/\/saskiaasser.nl\/?page_id=1926\" class=\"more-link\">Continue reading<span class=\"screen-reader-text\"> &#8220;D\u00fcsseldorfer Photoschule&#8221;<\/span><\/a><\/p>\n","protected":false},"author":1,"featured_media":1931,"parent":57,"menu_order":0,"comment_status":"closed","ping_status":"closed","template":"","meta":{"_monsterinsights_skip_tracking":false,"_monsterinsights_sitenote_active":false,"_monsterinsights_sitenote_note":"","_monsterinsights_sitenote_category":0,"footnotes":""},"class_list":["post-1926","page","type-page","status-publish","has-post-thumbnail","hentry"],"_links":{"self":[{"href":"https:\/\/saskiaasser.nl\/index.php?rest_route=\/wp\/v2\/pages\/1926","targetHints":{"allow":["GET"]}}],"collection":[{"href":"https:\/\/saskiaasser.nl\/index.php?rest_route=\/wp\/v2\/pages"}],"about":[{"href":"https:\/\/saskiaasser.nl\/index.php?rest_route=\/wp\/v2\/types\/page"}],"author":[{"embeddable":true,"href":"https:\/\/saskiaasser.nl\/index.php?rest_route=\/wp\/v2\/users\/1"}],"replies":[{"embeddable":true,"href":"https:\/\/saskiaasser.nl\/index.php?rest_route=%2Fwp%2Fv2%2Fcomments&post=1926"}],"version-history":[{"count":26,"href":"https:\/\/saskiaasser.nl\/index.php?rest_route=\/wp\/v2\/pages\/1926\/revisions"}],"predecessor-version":[{"id":2334,"href":"https:\/\/saskiaasser.nl\/index.php?rest_route=\/wp\/v2\/pages\/1926\/revisions\/2334"}],"up":[{"embeddable":true,"href":"https:\/\/saskiaasser.nl\/index.php?rest_route=\/wp\/v2\/pages\/57"}],"wp:featuredmedia":[{"embeddable":true,"href":"https:\/\/saskiaasser.nl\/index.php?rest_route=\/wp\/v2\/media\/1931"}],"wp:attachment":[{"href":"https:\/\/saskiaasser.nl\/index.php?rest_route=%2Fwp%2Fv2%2Fmedia&parent=1926"}],"curies":[{"name":"wp","href":"https:\/\/api.w.org\/{rel}","templated":true}]}}