{"id":931,"date":"2015-06-22T11:39:46","date_gmt":"2015-06-22T11:39:46","guid":{"rendered":"https:\/\/saskiaasser.nl\/?page_id=931"},"modified":"2024-12-21T19:44:13","modified_gmt":"2024-12-21T19:44:13","slug":"daguerreotypieen-van-de-familie-enschede","status":"publish","type":"page","link":"https:\/\/saskiaasser.nl\/?page_id=931","title":{"rendered":"Daguerreotypie\u00ebn van de familie Ensched\u00e9"},"content":{"rendered":"\n<div class=\"wp-block-columns is-layout-flex wp-container-core-columns-is-layout-9d6595d7 wp-block-columns-is-layout-flex\">\n<div class=\"wp-block-column is-layout-flow wp-block-column-is-layout-flow\">\n<figure class=\"wp-block-image size-large\"><img loading=\"lazy\" decoding=\"async\" width=\"880\" height=\"1024\" src=\"https:\/\/saskiaasser.nl\/wp-content\/uploads\/2024\/12\/MJE67ar_pn-880x1024.jpg\" alt=\"\" class=\"wp-image-2380\" srcset=\"https:\/\/saskiaasser.nl\/wp-content\/uploads\/2024\/12\/MJE67ar_pn-880x1024.jpg 880w, https:\/\/saskiaasser.nl\/wp-content\/uploads\/2024\/12\/MJE67ar_pn-258x300.jpg 258w, https:\/\/saskiaasser.nl\/wp-content\/uploads\/2024\/12\/MJE67ar_pn-768x894.jpg 768w, https:\/\/saskiaasser.nl\/wp-content\/uploads\/2024\/12\/MJE67ar_pn.jpg 1320w\" sizes=\"auto, (max-width: 706px) 89vw, (max-width: 767px) 82vw, 740px\" \/><figcaption class=\"wp-element-caption\">Gerard Alexander Ensched\u00e9, ca. 1850, daguerreotypie: Johannes IV of Jacobus Ensched\u00e9 (Noord-Hollands Archief, Haarlem)<\/figcaption><\/figure>\n<\/div>\n\n\n\n<div class=\"wp-block-column is-layout-flow wp-block-column-is-layout-flow\">\n<p><strong>\u2018In het volle zonlicht\u2019, unieke daguerreotypie\u00ebn van en door de familie Ensched\u00e9<br><\/strong>Tentoonstelling: <a href=\"https:\/\/huismarseille.nl\/tentoonstellingen\/in-het-volle-zonlicht\/\" target=\"_blank\" rel=\"noopener\">Huis Marseille<\/a><br>07.03 \u2013 24.05.2009<\/p>\n\n\n\n<p>Artikel: zie\u00a0<a href=\"http:\/www.saskiaasser.nl\/?page_id=269\" target=\"_blank\" rel=\"noopener\">Publicaties<\/a><\/p>\n\n\n\n<p>Na de daguerreotypie\u00ebn van de familie Vriesendorp (2006) volgden de daguerreotypie\u00ebn van de Haarlemse drukkersfamilie Ensched\u00e9 (periode 1839-1856), deels gemaakt door een lid van de familie zelf. <\/p>\n\n\n\n<p>De collectie, die sinds 2015 in het <a href=\"http:\/\/www.museumenschede.nl\/nieuws\/collecties-museum-ensched-naar-noord-hollands-arch\/news\/1\/179\" target=\"_blank\" rel=\"noopener\">Noord-Hollands Archief<\/a>\u00a0wordt bewaard, herbergt ook de oudste foto van Nederland. De tentoonstelling toonde zeventig van de in totaal honderd daguerreotypie\u00ebn in combinatie met schilderijen, prenten, tekeningen en documenten.<\/p>\n<\/div>\n<\/div>\n\n\n\n<p><strong>Werkzaamheden<\/strong>: conceptontwikkeling, onderzoek &amp; selectie (met Johan de Zoete, conservator Museum Ensched\u00e9), catalogustekst<\/p>\n\n\n\n<h2 class=\"wp-block-heading\">English Summary<\/h2>\n\n\n\n<p>Research, selection and texts for the exhibition <a href=\"https:\/\/huismarseille.nl\/en\/exhibitions\/the-full-light-day\/\" target=\"_blank\" rel=\"noopener\">In the Full Light of Day. Daguerreotypes of and by the Esched\u00e9 Family<\/a>, shown in Huis Marseille, Amsterdam in 2009, including a contribution to the accompanying publication.<\/p>\n\n\n\n<p><strong>Photo above<\/strong>: Anonymous, Portrait of Christina Gerarda Ensched\u00e9, c. 1847 (Noord-Hollands Archief, Haarlem)<\/p>\n","protected":false},"excerpt":{"rendered":"<p>\u2018In het volle zonlicht\u2019, unieke daguerreotypie\u00ebn van en door de familie Ensched\u00e9Tentoonstelling: Huis Marseille07.03 \u2013 24.05.2009 Artikel: zie\u00a0Publicaties Na de daguerreotypie\u00ebn van de familie Vriesendorp (2006) volgden de daguerreotypie\u00ebn van de Haarlemse drukkersfamilie Ensched\u00e9 (periode 1839-1856), deels gemaakt door een lid van de familie zelf. De collectie, die sinds 2015 in het Noord-Hollands Archief\u00a0wordt bewaard, &hellip; <\/p>\n<p class=\"link-more\"><a href=\"https:\/\/saskiaasser.nl\/?page_id=931\" class=\"more-link\">Continue reading<span class=\"screen-reader-text\"> &#8220;Daguerreotypie\u00ebn van de familie Ensched\u00e9&#8221;<\/span><\/a><\/p>\n","protected":false},"author":1,"featured_media":1893,"parent":57,"menu_order":12,"comment_status":"closed","ping_status":"closed","template":"","meta":{"_monsterinsights_skip_tracking":false,"_monsterinsights_sitenote_active":false,"_monsterinsights_sitenote_note":"","_monsterinsights_sitenote_category":0,"footnotes":""},"class_list":["post-931","page","type-page","status-publish","has-post-thumbnail","hentry"],"_links":{"self":[{"href":"https:\/\/saskiaasser.nl\/index.php?rest_route=\/wp\/v2\/pages\/931","targetHints":{"allow":["GET"]}}],"collection":[{"href":"https:\/\/saskiaasser.nl\/index.php?rest_route=\/wp\/v2\/pages"}],"about":[{"href":"https:\/\/saskiaasser.nl\/index.php?rest_route=\/wp\/v2\/types\/page"}],"author":[{"embeddable":true,"href":"https:\/\/saskiaasser.nl\/index.php?rest_route=\/wp\/v2\/users\/1"}],"replies":[{"embeddable":true,"href":"https:\/\/saskiaasser.nl\/index.php?rest_route=%2Fwp%2Fv2%2Fcomments&post=931"}],"version-history":[{"count":25,"href":"https:\/\/saskiaasser.nl\/index.php?rest_route=\/wp\/v2\/pages\/931\/revisions"}],"predecessor-version":[{"id":2382,"href":"https:\/\/saskiaasser.nl\/index.php?rest_route=\/wp\/v2\/pages\/931\/revisions\/2382"}],"up":[{"embeddable":true,"href":"https:\/\/saskiaasser.nl\/index.php?rest_route=\/wp\/v2\/pages\/57"}],"wp:featuredmedia":[{"embeddable":true,"href":"https:\/\/saskiaasser.nl\/index.php?rest_route=\/wp\/v2\/media\/1893"}],"wp:attachment":[{"href":"https:\/\/saskiaasser.nl\/index.php?rest_route=%2Fwp%2Fv2%2Fmedia&parent=931"}],"curies":[{"name":"wp","href":"https:\/\/api.w.org\/{rel}","templated":true}]}}